{"id":46,"date":"2020-12-19T19:43:25","date_gmt":"2020-12-19T18:43:25","guid":{"rendered":"http:\/\/aeroclubalbertmeaulte.site\/?page_id=46"},"modified":"2026-03-01T08:17:00","modified_gmt":"2026-03-01T07:17:00","slug":"accueil","status":"publish","type":"page","link":"https:\/\/aeroclubalbertmeaulte.site\/","title":{"rendered":"ACCUEIL"},"content":{"rendered":"\n<h2 class=\"wp-block-heading has-luminous-vivid-amber-background-color has-background has-medium-font-size\">Xavier JESU (\u00e0 gauche) remplace Dominique TRENCART au poste de pr\u00e9sident (21 f\u00e9vrier  2026)<\/h2>\n\n\n\n<figure class=\"wp-block-image size-full\"><img loading=\"lazy\" decoding=\"async\" width=\"940\" height=\"588\" src=\"https:\/\/aeroclubalbertmeaulte.site\/wp-content\/uploads\/2026\/03\/Xavier-et-Dominique.jpg\" alt=\"\" class=\"wp-image-657\" srcset=\"https:\/\/aeroclubalbertmeaulte.site\/wp-content\/uploads\/2026\/03\/Xavier-et-Dominique.jpg 940w, https:\/\/aeroclubalbertmeaulte.site\/wp-content\/uploads\/2026\/03\/Xavier-et-Dominique-300x188.jpg 300w, https:\/\/aeroclubalbertmeaulte.site\/wp-content\/uploads\/2026\/03\/Xavier-et-Dominique-768x480.jpg 768w\" sizes=\"auto, (max-width: 940px) 100vw, 940px\" \/><\/figure>\n\n\n\n<h3 class=\"wp-block-heading has-large-font-size\">R\u00e9servez votre appareil<\/h3>\n\n\n\n<p>Cliquez sur l&rsquo;image pour r\u00e9server votre vol en tant que membre du club <\/p>\n\n\n<div class=\"wp-block-image\">\n<figure class=\"aligncenter size-full\"><a href=\"https:\/\/online.aerogest.fr\/connection\/Logon\" target=\"_blank\" rel=\" noreferrer noopener\"><img loading=\"lazy\" decoding=\"async\" width=\"1287\" height=\"674\" src=\"https:\/\/aeroclubalbertmeaulte.site\/wp-content\/uploads\/2025\/05\/Aerogest.jpg\" alt=\"\" class=\"wp-image-571\" srcset=\"https:\/\/aeroclubalbertmeaulte.site\/wp-content\/uploads\/2025\/05\/Aerogest.jpg 1287w, https:\/\/aeroclubalbertmeaulte.site\/wp-content\/uploads\/2025\/05\/Aerogest-300x157.jpg 300w, https:\/\/aeroclubalbertmeaulte.site\/wp-content\/uploads\/2025\/05\/Aerogest-1024x536.jpg 1024w, https:\/\/aeroclubalbertmeaulte.site\/wp-content\/uploads\/2025\/05\/Aerogest-768x402.jpg 768w\" sizes=\"auto, (max-width: 1287px) 100vw, 1287px\" \/><\/a><\/figure>\n<\/div>\n\n\n<p><sub>.<\/sub><\/p>\n\n\n\n<p class=\"has-medium-font-size\"><strong>Cliquez sur l&rsquo;image ci dessous pour t\u00e9l\u00e9charger le guide pratique d&rsquo;utilisation d&rsquo; AEROGEST<\/strong><\/p>\n\n\n\n<figure class=\"wp-block-image size-full\"><a href=\"https:\/\/acmdp.fr\/wp-content\/uploads\/Aerogest-Online-Fiche-utilisateur-Pilote.pdf\"><img loading=\"lazy\" decoding=\"async\" width=\"347\" height=\"148\" src=\"https:\/\/aeroclubalbertmeaulte.site\/wp-content\/uploads\/2025\/07\/Capture-1.jpg\" alt=\"\" class=\"wp-image-584\" srcset=\"https:\/\/aeroclubalbertmeaulte.site\/wp-content\/uploads\/2025\/07\/Capture-1.jpg 347w, https:\/\/aeroclubalbertmeaulte.site\/wp-content\/uploads\/2025\/07\/Capture-1-300x128.jpg 300w\" sizes=\"auto, (max-width: 347px) 100vw, 347px\" \/><\/a><\/figure>\n\n\n\n<p><\/p>\n\n\n\n<p><\/p>\n\n\n\n<h2 class=\"wp-block-heading has-large-font-size\">Pr\u00e9parez votre vol :<\/h2>\n\n\n\n<div class=\"wp-block-buttons is-layout-flex wp-block-buttons-is-layout-flex\">\n<div class=\"wp-block-button aligncenter\"><a class=\"wp-block-button__link has-midnight-gradient-background has-background wp-element-button\" href=\"https:\/\/sofia-briefing.aviation-civile.gouv.fr\/sofia\/pages\/homepage.html\" target=\"_blank\" rel=\"noreferrer noopener\"><strong>SOFIA vous aide \u00e0 organiser votre vol<\/strong><\/a><\/div>\n<\/div>\n\n\n\n<p><\/p>\n\n\n\n<div class=\"wp-block-buttons is-layout-flex wp-block-buttons-is-layout-flex\">\n<div class=\"wp-block-button aligncenter\"><a class=\"wp-block-button__link has-cool-to-warm-spectrum-gradient-background has-background wp-element-button\" href=\"https:\/\/www.sia.aviation-civile.gouv.fr\/\"><strong>Les cartes VAC sur le site SIA<\/strong><\/a><\/div>\n<\/div>\n\n\n\n<h2 class=\"wp-block-heading\"><\/h2>\n\n\n\n<p class=\"has-large-font-size\"><strong>La m\u00e9t\u00e9o pour pr\u00e9parer votre vol<\/strong><\/p>\n\n\n<div class=\"wp-block-image\">\n<figure class=\"aligncenter size-large\"><a href=\"https:\/\/www.orbifly.com\/member\/metmap.php\"><img loading=\"lazy\" decoding=\"async\" width=\"469\" height=\"63\" src=\"http:\/\/aeroclubalbertmeaulte.site\/wp-content\/uploads\/2020\/12\/Orbifly.jpg\" alt=\"\" class=\"wp-image-155\" srcset=\"https:\/\/aeroclubalbertmeaulte.site\/wp-content\/uploads\/2020\/12\/Orbifly.jpg 469w, https:\/\/aeroclubalbertmeaulte.site\/wp-content\/uploads\/2020\/12\/Orbifly-300x40.jpg 300w\" sizes=\"auto, (max-width: 469px) 100vw, 469px\" \/><\/a><\/figure>\n<\/div>\n\n\n<h2 class=\"wp-block-heading has-large-font-size\">Petite balade en vid\u00e9o<\/h2>\n\n\n<div class=\"wp-block-image\">\n<figure class=\"aligncenter size-large\"><a href=\"https:\/\/www.youtube.com\/watch?v=W6256xHDB_0\"><img loading=\"lazy\" decoding=\"async\" width=\"500\" height=\"342\" src=\"http:\/\/aeroclubalbertmeaulte.site\n\n\/wp-content\/uploads\/2020\/12\/FPMMC-2.jpg\" alt=\"\" class=\"wp-image-219\" srcset=\"https:\/\/aeroclubalbertmeaulte.site\/wp-content\/uploads\/2020\/12\/FPMMC-2.jpg 500w, https:\/\/aeroclubalbertmeaulte.site\/wp-content\/uploads\/2020\/12\/FPMMC-2-300x205.jpg 300w\" sizes=\"auto, (max-width: 500px) 100vw, 500px\" \/><\/a><\/figure>\n<\/div>\n\n\n<h2 class=\"wp-block-heading has-large-font-size\">Formulaire de contact<\/h2>\n\n\n<div class=\"wpforms-container wpforms-container-full\" id=\"wpforms-233\"><form id=\"wpforms-form-233\" class=\"wpforms-validate wpforms-form\" data-formid=\"233\" method=\"post\" enctype=\"multipart\/form-data\" action=\"\/index.php\/wp-json\/wp\/v2\/pages\/46\" data-token=\"f6a4f57096839fd27917b5b71950c95d\"><noscript class=\"wpforms-error-noscript\">Veuillez activer JavaScript dans votre navigateur pour remplir ce formulaire.<\/noscript><div class=\"wpforms-field-container\"><div id=\"wpforms-233-field_0-container\" class=\"wpforms-field wpforms-field-name\" data-field-id=\"0\"><label class=\"wpforms-field-label\" for=\"wpforms-233-field_0\">Nom <span class=\"wpforms-required-label\">*<\/span><\/label><div class=\"wpforms-field-row wpforms-field-medium\"><div class=\"wpforms-field-row-block wpforms-first wpforms-one-half\"><input type=\"text\" id=\"wpforms-233-field_0\" class=\"wpforms-field-name-first wpforms-field-required\" name=\"wpforms[fields][0][first]\" required><label for=\"wpforms-233-field_0\" class=\"wpforms-field-sublabel after \">Pr\u00e9nom<\/label><\/div><div class=\"wpforms-field-row-block wpforms-one-half\"><input type=\"text\" id=\"wpforms-233-field_0-last\" class=\"wpforms-field-name-last wpforms-field-required\" name=\"wpforms[fields][0][last]\" required><label for=\"wpforms-233-field_0-last\" class=\"wpforms-field-sublabel after \">Nom<\/label><\/div><\/div><\/div><div id=\"wpforms-233-field_1-container\" class=\"wpforms-field wpforms-field-email\" data-field-id=\"1\"><label class=\"wpforms-field-label\" for=\"wpforms-233-field_1\">E-mail <span class=\"wpforms-required-label\">*<\/span><\/label><input type=\"email\" id=\"wpforms-233-field_1\" class=\"wpforms-field-medium wpforms-field-required\" name=\"wpforms[fields][1]\" required><\/div><div id=\"wpforms-233-field_2-container\" class=\"wpforms-field wpforms-field-textarea\" data-field-id=\"2\"><label class=\"wpforms-field-label\" for=\"wpforms-233-field_2\">Commentaire ou message <span class=\"wpforms-required-label\">*<\/span><\/label><textarea id=\"wpforms-233-field_2\" class=\"wpforms-field-medium wpforms-field-required\" name=\"wpforms[fields][2]\" required><\/textarea><\/div><\/div><div class=\"wpforms-submit-container\" ><input type=\"hidden\" name=\"wpforms[id]\" value=\"233\"><input type=\"hidden\" name=\"wpforms[author]\" value=\"1\"><button type=\"submit\" name=\"wpforms[submit]\" class=\"wpforms-submit \" id=\"wpforms-submit-233\" value=\"wpforms-submit\" aria-live=\"assertive\" data-alt-text=\"Envoi...\" data-submit-text=\"Envoyer\">Envoyer<\/button><\/div><\/form><\/div>  <!-- .wpforms-container -->\n\n\n<h2 class=\"wp-block-heading\"><\/h2>\n\n\n\n<h2 class=\"wp-block-heading\"><\/h2>\n\n\n\n<!--D\u00e9but code CountMyVisits -->\n<script src=\"https:\/\/www.countmyvisits.eu\/compteur\/compteurv3.js\"><\/script>\n<a id=\"cst_xcvbqwvq\" href=\"https:\/\/www.countmyvisits.eu\/index.php?page=stats&amp;action=tableau_bord&amp;id=xcvbqwvq\" target=\"_blank\" title=\"Visiteurs en ligne. Cliquez pour les statistiques d\u00e9taill\u00e9es\" rel=\"noopener\">\nCompteur de visites gratuit<\/a><script>counter(\"xcvbqwvq\",\"FFFFFF\",\"555555\");<\/script>\n<!-- Fin compteur CountMyVisits -->\n","protected":false},"excerpt":{"rendered":"<p>Xavier JESU (\u00e0 gauche) remplace Dominique TRENCART au poste de pr\u00e9sident (21 f\u00e9vrier 2026) R\u00e9servez votre appareil Cliquez sur l&rsquo;image pour r\u00e9server votre vol en tant que membre du club . Cliquez sur l&rsquo;image ci dessous pour t\u00e9l\u00e9charger le guide pratique d&rsquo;utilisation d&rsquo; AEROGEST Pr\u00e9parez votre vol : SOFIA vous aide \u00e0 organiser votre vol&#8230; <\/p>\n<div class=\"read-more\"><a href=\"https:\/\/aeroclubalbertmeaulte.site\/\">Lire la suite<\/a><\/div>\n","protected":false},"author":1,"featured_media":0,"parent":0,"menu_order":0,"comment_status":"closed","ping_status":"closed","template":"","meta":{"footnotes":""},"class_list":["post-46","page","type-page","status-publish","hentry"],"_links":{"self":[{"href":"https:\/\/aeroclubalbertmeaulte.site\/index.php\/wp-json\/wp\/v2\/pages\/46","targetHints":{"allow":["GET"]}}],"collection":[{"href":"https:\/\/aeroclubalbertmeaulte.site\/index.php\/wp-json\/wp\/v2\/pages"}],"about":[{"href":"https:\/\/aeroclubalbertmeaulte.site\/index.php\/wp-json\/wp\/v2\/types\/page"}],"author":[{"embeddable":true,"href":"https:\/\/aeroclubalbertmeaulte.site\/index.php\/wp-json\/wp\/v2\/users\/1"}],"replies":[{"embeddable":true,"href":"https:\/\/aeroclubalbertmeaulte.site\/index.php\/wp-json\/wp\/v2\/comments?post=46"}],"version-history":[{"count":85,"href":"https:\/\/aeroclubalbertmeaulte.site\/index.php\/wp-json\/wp\/v2\/pages\/46\/revisions"}],"predecessor-version":[{"id":659,"href":"https:\/\/aeroclubalbertmeaulte.site\/index.php\/wp-json\/wp\/v2\/pages\/46\/revisions\/659"}],"wp:attachment":[{"href":"https:\/\/aeroclubalbertmeaulte.site\/index.php\/wp-json\/wp\/v2\/media?parent=46"}],"curies":[{"name":"wp","href":"https:\/\/api.w.org\/{rel}","templated":true}]}}