{"id":602,"date":"2025-07-07T17:42:09","date_gmt":"2025-07-07T15:42:09","guid":{"rendered":"https:\/\/aeroclubalbertmeaulte.site\/?page_id=602"},"modified":"2025-07-07T18:03:39","modified_gmt":"2025-07-07T16:03:39","slug":"lapl-ou-ppl","status":"publish","type":"page","link":"https:\/\/aeroclubalbertmeaulte.site\/index.php\/lapl-ou-ppl\/","title":{"rendered":"LAPL ou PPL ?"},"content":{"rendered":"\n<p>A vous de choisir, pour vous aider, vous trouverez ci dessous un tableau comparatif qui vous donnera les principales diff\u00e9rences entre ces 2 licences. Pour une meilleure lisibilit\u00e9, t\u00e9l\u00e9chargez le fichier en .pdf<\/p>\n\n\n\n<figure class=\"wp-block-gallery has-nested-images columns-default is-cropped wp-block-gallery-1 is-layout-flex wp-block-gallery-is-layout-flex\">\n<figure class=\"wp-block-image size-large\"><a href=\"https:\/\/mega.nz\/file\/8ilwjLhQ#smbCPA_cafCNMqzp6SdVDX3ztxvNhuaHIBfm_ZSc_n0\"><img loading=\"lazy\" decoding=\"async\" width=\"1024\" height=\"484\" data-id=\"608\" src=\"https:\/\/aeroclubalbertmeaulte.site\/wp-content\/uploads\/2025\/07\/Comparatif-LAPL-PPL-JUIN-2025-1-1024x484.jpg\" alt=\"\" class=\"wp-image-608\" srcset=\"https:\/\/aeroclubalbertmeaulte.site\/wp-content\/uploads\/2025\/07\/Comparatif-LAPL-PPL-JUIN-2025-1-1024x484.jpg 1024w, https:\/\/aeroclubalbertmeaulte.site\/wp-content\/uploads\/2025\/07\/Comparatif-LAPL-PPL-JUIN-2025-1-300x142.jpg 300w, https:\/\/aeroclubalbertmeaulte.site\/wp-content\/uploads\/2025\/07\/Comparatif-LAPL-PPL-JUIN-2025-1-768x363.jpg 768w, https:\/\/aeroclubalbertmeaulte.site\/wp-content\/uploads\/2025\/07\/Comparatif-LAPL-PPL-JUIN-2025-1.jpg 1196w\" sizes=\"auto, (max-width: 1024px) 100vw, 1024px\" \/><\/a><\/figure>\n<\/figure>\n\n\n\n<p><\/p>\n\n\n\n<p><\/p>\n","protected":false},"excerpt":{"rendered":"<p>A vous de choisir, pour vous aider, vous trouverez ci dessous un tableau comparatif qui vous donnera les principales diff\u00e9rences entre ces 2 licences. Pour une meilleure lisibilit\u00e9, t\u00e9l\u00e9chargez le fichier en .pdf<\/p>\n","protected":false},"author":1,"featured_media":0,"parent":0,"menu_order":0,"comment_status":"closed","ping_status":"closed","template":"","meta":{"footnotes":""},"class_list":["post-602","page","type-page","status-publish","hentry"],"_links":{"self":[{"href":"https:\/\/aeroclubalbertmeaulte.site\/index.php\/wp-json\/wp\/v2\/pages\/602","targetHints":{"allow":["GET"]}}],"collection":[{"href":"https:\/\/aeroclubalbertmeaulte.site\/index.php\/wp-json\/wp\/v2\/pages"}],"about":[{"href":"https:\/\/aeroclubalbertmeaulte.site\/index.php\/wp-json\/wp\/v2\/types\/page"}],"author":[{"embeddable":true,"href":"https:\/\/aeroclubalbertmeaulte.site\/index.php\/wp-json\/wp\/v2\/users\/1"}],"replies":[{"embeddable":true,"href":"https:\/\/aeroclubalbertmeaulte.site\/index.php\/wp-json\/wp\/v2\/comments?post=602"}],"version-history":[{"count":3,"href":"https:\/\/aeroclubalbertmeaulte.site\/index.php\/wp-json\/wp\/v2\/pages\/602\/revisions"}],"predecessor-version":[{"id":609,"href":"https:\/\/aeroclubalbertmeaulte.site\/index.php\/wp-json\/wp\/v2\/pages\/602\/revisions\/609"}],"wp:attachment":[{"href":"https:\/\/aeroclubalbertmeaulte.site\/index.php\/wp-json\/wp\/v2\/media?parent=602"}],"curies":[{"name":"wp","href":"https:\/\/api.w.org\/{rel}","templated":true}]}}