{"id":719,"date":"2026-05-01T17:19:56","date_gmt":"2026-05-01T15:19:56","guid":{"rendered":"https:\/\/aeroclubalbertmeaulte.site\/?page_id=719"},"modified":"2026-05-01T22:26:31","modified_gmt":"2026-05-01T20:26:31","slug":"formation","status":"publish","type":"page","link":"https:\/\/aeroclubalbertmeaulte.site\/index.php\/formation\/","title":{"rendered":"La formation dans notre club"},"content":{"rendered":"\n<h2 class=\"wp-block-heading\">Centre de formation agr\u00e9\u00e9 DTO<\/h2>\n\n\n\n<div class=\"wp-block-media-text has-media-on-the-right is-stacked-on-mobile\" style=\"grid-template-columns:auto 57%\"><div class=\"wp-block-media-text__content\">\n<p>L&rsquo;ACAM est un centre DTO agr\u00e9\u00e9 par la DGAC. A ce titre, nous vous offrons une formation pratique reconnue, progressive et adapt\u00e9e \u00e0 chacun et vous pr\u00e9parons aux examens th\u00e9oriques ABL, LAPL et PPL. Il est possible de voler la semaine (sous r\u00e9serve de disponibilit\u00e9s de nos instructeurs b\u00e9n\u00e9voles) et\/ou le week-end.<\/p>\n\n\n\n<p>Le co\u00fbt d&rsquo;un brevet de pilote est inf\u00e9rieur aux id\u00e9es re\u00e7ues : environ 2.300 \u20ac pour l&rsquo;ABL, 5.500 \u20ac pour le LAPL, 8.000 \u20ac pour le PPL et ce co\u00fbt est \u00e9tal\u00e9 sur toute la dur\u00e9e de la formation qui se fait \u00e0 votre rythme, en plusieurs mois ou plusieurs ann\u00e9es. De plus, des aides existent pour diminuer le cout de formation des jeunes pilotes (cf. section Tarifs). <\/p>\n\n\n\n<p><strong>Les prix indiqu\u00e9s servent \u00e0 donner un ordre d&rsquo;id\u00e9e et sont des approximations,<\/strong> <strong>les co\u00fbts peuvent varier selon les besoins des \u00e9l\u00e8ves<\/strong>.<\/p>\n<\/div><figure class=\"wp-block-media-text__media\"><img loading=\"lazy\" decoding=\"async\" width=\"893\" height=\"717\" src=\"http:\/\/aeroclubalbertmeaulte.site\/wp-content\/uploads\/2020\/12\/Tableau-de-bord-DR-400.jpg\" alt=\"\" class=\"wp-image-116 size-full\" srcset=\"https:\/\/aeroclubalbertmeaulte.site\/wp-content\/uploads\/2020\/12\/Tableau-de-bord-DR-400.jpg 893w, https:\/\/aeroclubalbertmeaulte.site\/wp-content\/uploads\/2020\/12\/Tableau-de-bord-DR-400-300x241.jpg 300w, https:\/\/aeroclubalbertmeaulte.site\/wp-content\/uploads\/2020\/12\/Tableau-de-bord-DR-400-768x617.jpg 768w\" sizes=\"auto, (max-width: 893px) 100vw, 893px\" \/><\/figure><\/div>\n\n\n\n<h2 class=\"wp-block-heading\">ABL (Autorisation de Base LAPL)<\/h2>\n\n\n\n<p>Cette autorisation permet au d\u00e9tenteur de voler seul, d\u00e8s l\u2019\u00e2ge de 16 ans, dans un rayon de 25 NM (46 km) autour de l&rsquo;a\u00e9rodrome de base. L&rsquo;ABL n&rsquo;est pas un brevet mais une autorisation permanente de vol solo valable <strong>uniquement dans l&rsquo;a\u00e9roclub formateur<\/strong>. L&rsquo;ABL est d\u00e9livr\u00e9e apr\u00e8s avoir \u00e9t\u00e9 re\u00e7u \u00e0 l&rsquo;un des examens th\u00e9oriques suivants : BIA de moins de 36 mois, th\u00e9orique LAPL ou PPL de moins de 24 mois. Au niveau pratique il faut avoir fait au minimum <strong>6 heures de vol en double commande<\/strong> et <strong>20 atterrissages et d\u00e9collages solo<\/strong>.<\/p>\n\n\n\n<h2 class=\"wp-block-heading\">LAPL(A) (Light Aircraft Pilot Licence) <\/h2>\n\n\n\n<p>La LAPL vous permet de voler en tant que commandant de bord, en Europe, sur des avions monomoteur \u00e0 piston avec 3 passagers maximum (apr\u00e8s 10h de PIC apr\u00e8s licence).<\/p>\n\n\n\n<p>Vous devrez totaliser au minimum <strong>30 heures de vol<\/strong> dont 1<strong>5 heures en double commande<\/strong>, <strong>6 heures en solo supervis\u00e9<\/strong> dont <strong>3 heures de navigation en campagne<\/strong> et un vol de <strong>80 NM<\/strong> (150 km) comportant un atterrissage complet sur 1 a\u00e9rodrome diff\u00e9rent de celui de d\u00e9part. Il faut avoir 16 ans r\u00e9volus pour \u00eatre l\u00e2ch\u00e9 et 17 ans pour \u00eatre pr\u00e9sent\u00e9 \u00e0 l&rsquo;examen, avoir pass\u00e9 une <strong>visite m\u00e9dicale<\/strong> et avoir pass\u00e9 l&rsquo;examen th\u00e9orique LAPL ou PPL depuis moins de deux ans.<\/p>\n\n\n\n<h2 class=\"wp-block-heading\">PPL(A) (Private Pilot Licence)<\/h2>\n\n\n\n<p>La Licence de Pilote Priv\u00e9 d&rsquo;Avion (PPL) est une licence OACI reconnue mondialement. Elle vous permet de voler sur diff\u00e9rentes classes d&rsquo;avions. C&rsquo;est le pr\u00e9alable indispensable \u00e0 la poursuite d&rsquo;un parcours professionnel. <\/p>\n\n\n\n<p>Vous devrez totaliser au minimum<strong> 45 heures de vol <\/strong>dont <strong>25 heures en double commande<\/strong>, <strong>10 heures en solo<\/strong> dont <strong>5 heures en navigation en campagne<\/strong> et un vol de <strong>150 NM<\/strong> (280 km) comportant un atterrissage complet sur 2 a\u00e9rodromes diff\u00e9rents de celui de d\u00e9part. Il faut avoir 16 ans r\u00e9volus pour \u00eatre l\u00e2ch\u00e9, 17 ans r\u00e9volus pour \u00eatre pr\u00e9sent\u00e9 \u00e0 l&rsquo;examen, avoir pass\u00e9 une <strong>visite m\u00e9dicale<\/strong> et avoir pass\u00e9 l&rsquo;examen th\u00e9orique PPL depuis moins de deux ans.<\/p>\n\n\n\n<p>Apr\u00e8s obtention d&rsquo;un brevet il vous sera possible de pr\u00e9parer diverses qualifications (vol de nuit, voltige, &#8230;) et de d\u00e9couvrir de nouvelles machines !<\/p>\n\n\n\n<p><\/p>\n","protected":false},"excerpt":{"rendered":"<p>Centre de formation agr\u00e9\u00e9 DTO L&rsquo;ACAM est un centre DTO agr\u00e9\u00e9 par la DGAC. A ce titre, nous vous offrons une formation pratique reconnue, progressive et adapt\u00e9e \u00e0 chacun et vous pr\u00e9parons aux examens th\u00e9oriques ABL, LAPL et PPL. Il est possible de voler la semaine (sous r\u00e9serve de disponibilit\u00e9s de nos instructeurs b\u00e9n\u00e9voles) et\/ou&#8230; <\/p>\n<div class=\"read-more\"><a href=\"https:\/\/aeroclubalbertmeaulte.site\/index.php\/formation\/\">Lire la suite<\/a><\/div>\n","protected":false},"author":1,"featured_media":0,"parent":0,"menu_order":0,"comment_status":"closed","ping_status":"closed","template":"page-templates\/full-width.php","meta":{"footnotes":""},"class_list":["post-719","page","type-page","status-publish","hentry"],"_links":{"self":[{"href":"https:\/\/aeroclubalbertmeaulte.site\/index.php\/wp-json\/wp\/v2\/pages\/719","targetHints":{"allow":["GET"]}}],"collection":[{"href":"https:\/\/aeroclubalbertmeaulte.site\/index.php\/wp-json\/wp\/v2\/pages"}],"about":[{"href":"https:\/\/aeroclubalbertmeaulte.site\/index.php\/wp-json\/wp\/v2\/types\/page"}],"author":[{"embeddable":true,"href":"https:\/\/aeroclubalbertmeaulte.site\/index.php\/wp-json\/wp\/v2\/users\/1"}],"replies":[{"embeddable":true,"href":"https:\/\/aeroclubalbertmeaulte.site\/index.php\/wp-json\/wp\/v2\/comments?post=719"}],"version-history":[{"count":4,"href":"https:\/\/aeroclubalbertmeaulte.site\/index.php\/wp-json\/wp\/v2\/pages\/719\/revisions"}],"predecessor-version":[{"id":790,"href":"https:\/\/aeroclubalbertmeaulte.site\/index.php\/wp-json\/wp\/v2\/pages\/719\/revisions\/790"}],"wp:attachment":[{"href":"https:\/\/aeroclubalbertmeaulte.site\/index.php\/wp-json\/wp\/v2\/media?parent=719"}],"curies":[{"name":"wp","href":"https:\/\/api.w.org\/{rel}","templated":true}]}}