{"id":729,"date":"2026-05-01T17:19:26","date_gmt":"2026-05-01T15:19:26","guid":{"rendered":"https:\/\/aeroclubalbertmeaulte.site\/?page_id=729"},"modified":"2026-05-01T18:21:21","modified_gmt":"2026-05-01T16:21:21","slug":"presentationclub","status":"publish","type":"page","link":"https:\/\/aeroclubalbertmeaulte.site\/index.php\/presentationclub\/","title":{"rendered":"Les machines, le club et la plateforme"},"content":{"rendered":"\n<h2 class=\"wp-block-heading\">Les avions<\/h2>\n\n\n\n<figure class=\"wp-block-gallery has-nested-images columns-default is-cropped wp-block-gallery-1 is-layout-flex wp-block-gallery-is-layout-flex\">\n<figure class=\"wp-block-image size-large\"><img loading=\"lazy\" decoding=\"async\" width=\"3264\" height=\"2448\" data-id=\"105\" src=\"https:\/\/aeroclubalbertmeaulte.site\/wp-content\/uploads\/2020\/12\/FGMXP.png\" alt=\"\" class=\"wp-image-105\" srcset=\"https:\/\/aeroclubalbertmeaulte.site\/wp-content\/uploads\/2020\/12\/FGMXP.png 3264w, https:\/\/aeroclubalbertmeaulte.site\/wp-content\/uploads\/2020\/12\/FGMXP-300x225.png 300w\" sizes=\"auto, (max-width: 3264px) 100vw, 3264px\" \/><figcaption class=\"wp-element-caption\">Avion \u00e9cole <br>ROBIN DR400-120 CV F-GMXP <br>(Moteur Lycoming)<br><\/figcaption><\/figure>\n\n\n\n<figure class=\"wp-block-image size-large\"><img loading=\"lazy\" decoding=\"async\" width=\"1024\" height=\"679\" data-id=\"108\" src=\"https:\/\/aeroclubalbertmeaulte.site\/wp-content\/uploads\/2020\/12\/FGSRI-1024x679.jpg\" alt=\"\" class=\"wp-image-108\" srcset=\"https:\/\/aeroclubalbertmeaulte.site\/wp-content\/uploads\/2020\/12\/FGSRI-1024x679.jpg 1024w, https:\/\/aeroclubalbertmeaulte.site\/wp-content\/uploads\/2020\/12\/FGSRI-300x199.jpg 300w, https:\/\/aeroclubalbertmeaulte.site\/wp-content\/uploads\/2020\/12\/FGSRI-768x509.jpg 768w, https:\/\/aeroclubalbertmeaulte.site\/wp-content\/uploads\/2020\/12\/FGSRI.jpg 1084w\" sizes=\"auto, (max-width: 1024px) 100vw, 1024px\" \/><figcaption class=\"wp-element-caption\">ROBIN DR 400-160 CV<br> F-GSRI (Moteur Lycoming)<\/figcaption><\/figure>\n\n\n\n<figure class=\"wp-block-image size-large\"><img loading=\"lazy\" decoding=\"async\" width=\"1024\" height=\"768\" data-id=\"561\" src=\"https:\/\/aeroclubalbertmeaulte.site\/wp-content\/uploads\/2025\/04\/P1010365-1024x768.jpg\" alt=\"\" class=\"wp-image-561\" srcset=\"https:\/\/aeroclubalbertmeaulte.site\/wp-content\/uploads\/2025\/04\/P1010365-1024x768.jpg 1024w, https:\/\/aeroclubalbertmeaulte.site\/wp-content\/uploads\/2025\/04\/P1010365-300x225.jpg 300w, https:\/\/aeroclubalbertmeaulte.site\/wp-content\/uploads\/2025\/04\/P1010365-768x576.jpg 768w, https:\/\/aeroclubalbertmeaulte.site\/wp-content\/uploads\/2025\/04\/P1010365-1536x1152.jpg 1536w, https:\/\/aeroclubalbertmeaulte.site\/wp-content\/uploads\/2025\/04\/P1010365-2048x1536.jpg 2048w\" sizes=\"auto, (max-width: 1024px) 100vw, 1024px\" \/><figcaption class=\"wp-element-caption\">JODEL D112 <br>(Moteur Continental 65 CV)<\/figcaption><\/figure>\n<\/figure>\n\n\n\n<h2 class=\"wp-block-heading\">Le club <\/h2>\n\n\n\n<div class=\"wp-block-media-text has-media-on-the-right is-stacked-on-mobile\" style=\"grid-template-columns:auto 42%\"><div class=\"wp-block-media-text__content\">\n<p>Le club comporte 3 sections :<\/p>\n\n\n\n<ul class=\"wp-block-list\">\n<li>une section Vol Moteur<\/li>\n\n\n\n<li>une section Constructeurs Amateurs<\/li>\n\n\n\n<li>une <a href=\"https:\/\/www.sectionaeromodelisme-albert.fr\/\" data-type=\"link\" data-id=\"https:\/\/www.sectionaeromodelisme-albert.fr\/\">section A\u00e9romod\u00e9lisme<\/a> <\/li>\n<\/ul>\n\n\n\n<p>Au 1<sup>er<\/sup> mars 2026, le club est compos\u00e9 de 43 membres. <br>Le Pr\u00e9sident est M. Xavier JESU. Le bureau est compos\u00e9 de 9 membres, tous b\u00e9n\u00e9voles y compris le pr\u00e9sident. <\/p>\n\n\n\n<p>Le club dispose de 4 instructeurs <strong>b\u00e9n\u00e9voles<\/strong> pour former les futurs pilotes.<\/p>\n<\/div><figure class=\"wp-block-media-text__media\"><img loading=\"lazy\" decoding=\"async\" width=\"1024\" height=\"441\" src=\"http:\/\/aeroclubalbertmeaulte.site\/wp-content\/uploads\/2026\/05\/logo-Aeroclub-dalbert-meaulte-1024x441-1.png\" alt=\"\" class=\"wp-image-776 size-full\" srcset=\"https:\/\/aeroclubalbertmeaulte.site\/wp-content\/uploads\/2026\/05\/logo-Aeroclub-dalbert-meaulte-1024x441-1.png 1024w, https:\/\/aeroclubalbertmeaulte.site\/wp-content\/uploads\/2026\/05\/logo-Aeroclub-dalbert-meaulte-1024x441-1-300x129.png 300w, https:\/\/aeroclubalbertmeaulte.site\/wp-content\/uploads\/2026\/05\/logo-Aeroclub-dalbert-meaulte-1024x441-1-768x331.png 768w\" sizes=\"auto, (max-width: 1024px) 100vw, 1024px\" \/><\/figure><\/div>\n\n\n\n<h2 class=\"wp-block-heading\">Les installations<\/h2>\n\n\n\n<div class=\"wp-block-media-text has-media-on-the-right is-stacked-on-mobile\"><div class=\"wp-block-media-text__content\">\n<p>L\u2019a\u00e9ro-club est situ\u00e9 dans les enceintes de l\u2019a\u00e9roport international Amiens-Henry Potez. Nous b\u00e9n\u00e9ficions d\u2019une magnifique piste en dur de 2200 m de long et 45 m de large (QFU 08\/26) qui accueille chaque semaine le Beluga (Airbus A330 modifi\u00e9 pour assurer le transport de pi\u00e8ces a\u00e9ronautiques pour l\u2019usine STELIA de M\u00e9aulte. Nous disposons \u00e9galement d\u2019une piste en herbe de 1000 m sur 80m utilis\u00e9e principalement par le vol \u00e0 voile.<\/p>\n<\/div><figure class=\"wp-block-media-text__media\"><img loading=\"lazy\" decoding=\"async\" width=\"1024\" height=\"768\" src=\"http:\/\/aeroclubalbertmeaulte.site\/wp-content\/uploads\/2020\/12\/La-Piste-2020_04_28-19_13_12-UTC-1024x768.jpg\" alt=\"\" class=\"wp-image-114 size-full\" srcset=\"https:\/\/aeroclubalbertmeaulte.site\/wp-content\/uploads\/2020\/12\/La-Piste-2020_04_28-19_13_12-UTC-1024x768.jpg 1024w, https:\/\/aeroclubalbertmeaulte.site\/wp-content\/uploads\/2020\/12\/La-Piste-2020_04_28-19_13_12-UTC-300x225.jpg 300w, https:\/\/aeroclubalbertmeaulte.site\/wp-content\/uploads\/2020\/12\/La-Piste-2020_04_28-19_13_12-UTC-768x576.jpg 768w, https:\/\/aeroclubalbertmeaulte.site\/wp-content\/uploads\/2020\/12\/La-Piste-2020_04_28-19_13_12-UTC.jpg 1200w\" sizes=\"auto, (max-width: 1024px) 100vw, 1024px\" \/><\/figure><\/div>\n\n\n\n<h2 class=\"wp-block-heading\">Des photos !<\/h2>\n\n\n\n<p>Cliquez <a href=\"https:\/\/photos.app.goo.gl\/TjekJXZ6gvyCQTs3A\" data-type=\"link\" data-id=\"https:\/\/photos.app.goo.gl\/TjekJXZ6gvyCQTs3A\">ici<\/a> pour acc\u00e9der \u00e0 notre album photo. <\/p>\n\n\n\n<p><\/p>\n","protected":false},"excerpt":{"rendered":"<p>Les avions Avion \u00e9cole ROBIN DR400-120 CV F-GMXP (Moteur Lycoming) ROBIN DR 400-160 CV F-GSRI (Moteur Lycoming) JODEL D112 (Moteur Continental 65 CV) Le club Le club comporte 3 sections : une section Vol Moteur une section Constructeurs Amateurs une section A\u00e9romod\u00e9lisme Au 1er mars 2026, le club est compos\u00e9 de 43 membres. Le Pr\u00e9sident&#8230; <\/p>\n<div class=\"read-more\"><a href=\"https:\/\/aeroclubalbertmeaulte.site\/index.php\/presentationclub\/\">Lire la suite<\/a><\/div>\n","protected":false},"author":1,"featured_media":0,"parent":0,"menu_order":0,"comment_status":"closed","ping_status":"closed","template":"page-templates\/full-width.php","meta":{"footnotes":""},"class_list":["post-729","page","type-page","status-publish","hentry"],"_links":{"self":[{"href":"https:\/\/aeroclubalbertmeaulte.site\/index.php\/wp-json\/wp\/v2\/pages\/729","targetHints":{"allow":["GET"]}}],"collection":[{"href":"https:\/\/aeroclubalbertmeaulte.site\/index.php\/wp-json\/wp\/v2\/pages"}],"about":[{"href":"https:\/\/aeroclubalbertmeaulte.site\/index.php\/wp-json\/wp\/v2\/types\/page"}],"author":[{"embeddable":true,"href":"https:\/\/aeroclubalbertmeaulte.site\/index.php\/wp-json\/wp\/v2\/users\/1"}],"replies":[{"embeddable":true,"href":"https:\/\/aeroclubalbertmeaulte.site\/index.php\/wp-json\/wp\/v2\/comments?post=729"}],"version-history":[{"count":6,"href":"https:\/\/aeroclubalbertmeaulte.site\/index.php\/wp-json\/wp\/v2\/pages\/729\/revisions"}],"predecessor-version":[{"id":784,"href":"https:\/\/aeroclubalbertmeaulte.site\/index.php\/wp-json\/wp\/v2\/pages\/729\/revisions\/784"}],"wp:attachment":[{"href":"https:\/\/aeroclubalbertmeaulte.site\/index.php\/wp-json\/wp\/v2\/media?parent=729"}],"curies":[{"name":"wp","href":"https:\/\/api.w.org\/{rel}","templated":true}]}}